{"id":102,"date":"2017-11-28T19:04:49","date_gmt":"2017-11-28T19:04:49","guid":{"rendered":"http:\/\/lapalmainbox.com\/?page_id=102"},"modified":"2017-11-29T18:01:26","modified_gmt":"2017-11-29T18:01:26","slug":"quienessomos","status":"publish","type":"page","link":"https:\/\/lapalmainbox.com\/index.php\/quienessomos\/","title":{"rendered":"Quienes somos"},"content":{"rendered":"<p>[vc_row row_type=\u00bbrow\u00bb use_row_as_full_screen_section=\u00bbno\u00bb type=\u00bbfull_width\u00bb text_align=\u00bbleft\u00bb background_animation=\u00bbnone\u00bb css_animation=\u00bb\u00bb][vc_column][vc_row_inner row_type=\u00bbrow\u00bb type=\u00bbgrid\u00bb use_row_as_full_screen_section_slide=\u00bbno\u00bb text_align=\u00bbleft\u00bb css_animation=\u00bb\u00bb][vc_column_inner][vc_empty_space height=\u00bb40px\u00bb][vc_separator type=\u00bbtransparent\u00bb border_style=\u00bb\u00bb][vc_column_text]<\/p>\n<h2 style=\"text-align: left;\">\u00bfPor qu\u00e9 La Palma Inbox?<\/h2>\n<p>[\/vc_column_text][vc_separator type=\u00bbtransparent\u00bb border_style=\u00bb\u00bb][vc_column_text]<\/p>\n<h4>Una imagen vale m\u00e1s que mil palabras, pero m\u00e1s que una imagen, vale una experiencia.<\/h4>\n<p>[\/vc_column_text][vc_separator type=\u00bbtransparent\u00bb border_style=\u00bb\u00bb][vc_column_text]Sabemos lo dif\u00edcil que resulta adaptar las necesidades de cada cliente cuando desea un experiencia, no un viaje. Con La Palma Inbox cada cliente contar\u00e1 desde el primer momento con un trato exclusivo y profesional a cargo de nuestros expertos, l\u00edderes en el sector vacacional de alta calidad en La Palma. S\u00f3lo queremos que vuelvas, por eso la mejor definici\u00f3n de qui\u00e9nes somos, la podr\u00e1s hacer t\u00fa.[\/vc_column_text][vc_separator type=\u00bbtransparent\u00bb border_style=\u00bb\u00bb][vc_column_text]Estamos a su disposici\u00f3n las 24 horas del d\u00eda, los 7 d\u00edas de la semana. Queremos un trato personal, cercano y de calidad, siempre velando por una estancia id\u00edlica y satisfactoria. Su seguridad y confort es nuestra garant\u00eda.[\/vc_column_text][vc_separator type=\u00bbtransparent\u00bb border_style=\u00bb\u00bb][\/vc_column_inner][\/vc_row_inner][\/vc_column][\/vc_row][vc_row row_type=\u00bbrow\u00bb use_row_as_full_screen_section=\u00bbno\u00bb type=\u00bbfull_width\u00bb text_align=\u00bbleft\u00bb background_animation=\u00bbnone\u00bb css_animation=\u00bb\u00bb][vc_column][vc_row_inner row_type=\u00bbrow\u00bb type=\u00bbgrid\u00bb use_row_as_full_screen_section_slide=\u00bbno\u00bb text_align=\u00bbleft\u00bb css_animation=\u00bb\u00bb][vc_column_inner width=\u00bb1\/2&#8243;][vc_separator type=\u00bbtransparent\u00bb border_style=\u00bb\u00bb][vc_single_image image=\u00bb141&#8243; img_size=\u00bbfull\u00bb alignment=\u00bbcenter\u00bb qode_css_animation=\u00bb\u00bb][vc_separator type=\u00bbtransparent\u00bb border_style=\u00bb\u00bb][\/vc_column_inner][vc_column_inner width=\u00bb1\/2&#8243;][vc_separator type=\u00bbtransparent\u00bb border_style=\u00bb\u00bb][vc_single_image image=\u00bb142&#8243; img_size=\u00bbfull\u00bb alignment=\u00bbcenter\u00bb qode_css_animation=\u00bb\u00bb][vc_separator type=\u00bbtransparent\u00bb border_style=\u00bb\u00bb][\/vc_column_inner][\/vc_row_inner][\/vc_column][\/vc_row][vc_row row_type=\u00bbrow\u00bb use_row_as_full_screen_section=\u00bbno\u00bb type=\u00bbfull_width\u00bb text_align=\u00bbleft\u00bb background_animation=\u00bbnone\u00bb css_animation=\u00bb\u00bb][vc_column][vc_row_inner row_type=\u00bbrow\u00bb type=\u00bbgrid\u00bb use_row_as_full_screen_section_slide=\u00bbno\u00bb text_align=\u00bbleft\u00bb css_animation=\u00bb\u00bb][vc_column_inner][vc_separator type=\u00bbtransparent\u00bb border_style=\u00bb\u00bb][vc_column_text]<\/p>\n<h4>Elige La Palma Inbox, construimos sue\u00f1os.<\/h4>\n<p>[\/vc_column_text][vc_separator type=\u00bbtransparent\u00bb border_style=\u00bb\u00bb][vc_column_text]\u00bfDejas tus sue\u00f1os en nuestras manos?. Simplemente, los transportamos a la realidad a trav\u00e9s de calidad, confort, cari\u00f1o y creatividad. Creamos puentes entre tus expectativas y las experiencias a vivir, por eso marcamos la diferencia.[\/vc_column_text][vc_separator type=\u00bbtransparent\u00bb border_style=\u00bb\u00bb][vc_empty_space height=\u00bb40px\u00bb][\/vc_column_inner][\/vc_row_inner][\/vc_column][\/vc_row]<\/p>\n","protected":false},"excerpt":{"rendered":"<p>[vc_row row_type=\u00bbrow\u00bb use_row_as_full_screen_section=\u00bbno\u00bb type=\u00bbfull_width\u00bb text_align=\u00bbleft\u00bb background_animation=\u00bbnone\u00bb css_animation=\u00bb\u00bb][vc_column][vc_row_inner row_type=\u00bbrow\u00bb type=\u00bbgrid\u00bb use_row_as_full_screen_section_slide=\u00bbno\u00bb text_align=\u00bbleft\u00bb css_animation=\u00bb\u00bb][vc_column_inner][vc_empty_space height=\u00bb40px\u00bb][vc_separator type=\u00bbtransparent\u00bb border_style=\u00bb\u00bb][vc_column_text] \u00bfPor qu\u00e9 La Palma Inbox? [\/vc_column_text][vc_separator type=\u00bbtransparent\u00bb border_style=\u00bb\u00bb][vc_column_text] Una imagen vale m\u00e1s que mil palabras, pero m\u00e1s que una imagen, vale una experiencia. [\/vc_column_text][vc_separator type=\u00bbtransparent\u00bb border_style=\u00bb\u00bb][vc_column_text]Sabemos lo dif\u00edcil que resulta&#8230;<\/p>\n","protected":false},"author":2,"featured_media":113,"parent":0,"menu_order":0,"comment_status":"closed","ping_status":"closed","template":"full_width.php","meta":{"footnotes":""},"class_list":["post-102","page","type-page","status-publish","has-post-thumbnail","hentry"],"yoast_head":"<!-- This site is optimized with the Yoast SEO plugin v24.5 - https:\/\/yoast.com\/wordpress\/plugins\/seo\/ -->\n<title>Qui\u00e9nes somos | La Palma Inbox | Alojamientos de calidad y confort<\/title>\n<meta name=\"description\" content=\"Somos un grupo touroperador en Canarias y Alemania especializados en la gesti\u00f3n de alojamientos de calidad y confort. \u00a1Creamos experiencias!\" \/>\n<meta name=\"robots\" content=\"index, follow, max-snippet:-1, max-image-preview:large, max-video-preview:-1\" \/>\n<link rel=\"canonical\" href=\"https:\/\/lapalmainbox.com\/index.php\/quienessomos\/\" \/>\n<meta property=\"og:locale\" content=\"es_ES\" \/>\n<meta property=\"og:type\" content=\"article\" \/>\n<meta property=\"og:title\" content=\"Qui\u00e9nes somos | La Palma Inbox | Alojamientos de calidad y confort\" \/>\n<meta property=\"og:description\" content=\"Somos un grupo touroperador en Canarias y Alemania especializados en la gesti\u00f3n de alojamientos de calidad y confort. \u00a1Creamos experiencias!\" \/>\n<meta property=\"og:url\" content=\"https:\/\/lapalmainbox.com\/index.php\/quienessomos\/\" \/>\n<meta property=\"og:site_name\" content=\"La Palma Inbox\" \/>\n<meta property=\"article:publisher\" content=\"http:\/\/www.facebook.com\/lapalmainbox\" \/>\n<meta property=\"article:modified_time\" content=\"2017-11-29T18:01:26+00:00\" \/>\n<meta property=\"og:image\" content=\"http:\/\/lapalmainbox.com\/wp-content\/uploads\/2017\/11\/lapalmainbox_book.jpg\" \/>\n<meta name=\"twitter:card\" content=\"summary_large_image\" \/>\n<meta name=\"twitter:title\" content=\"Qui\u00e9nes somos | La Palma Inbox | Alojamientos de calidad y confort\" \/>\n<meta name=\"twitter:description\" content=\"Somos un grupo touroperador en Canarias y Alemania especializados en la gesti\u00f3n de alojamientos de calidad y confort. \u00a1Creamos experiencias!\" \/>\n<meta name=\"twitter:image\" content=\"http:\/\/lapalmainbox.com\/wp-content\/uploads\/2017\/11\/lapalmainbox_book.jpg\" \/>\n<meta name=\"twitter:site\" content=\"@lapalmainbox\" \/>\n<meta name=\"twitter:label1\" content=\"Tiempo de lectura\" \/>\n\t<meta name=\"twitter:data1\" content=\"3 minutos\" \/>\n<script type=\"application\/ld+json\" class=\"yoast-schema-graph\">{\"@context\":\"https:\/\/schema.org\",\"@graph\":[{\"@type\":\"WebPage\",\"@id\":\"https:\/\/lapalmainbox.com\/index.php\/quienessomos\/\",\"url\":\"https:\/\/lapalmainbox.com\/index.php\/quienessomos\/\",\"name\":\"Qui\u00e9nes somos | La Palma Inbox | Alojamientos de calidad y confort\",\"isPartOf\":{\"@id\":\"https:\/\/lapalmainbox.com\/#website\"},\"primaryImageOfPage\":{\"@id\":\"https:\/\/lapalmainbox.com\/index.php\/quienessomos\/#primaryimage\"},\"image\":{\"@id\":\"https:\/\/lapalmainbox.com\/index.php\/quienessomos\/#primaryimage\"},\"thumbnailUrl\":\"https:\/\/lapalmainbox.com\/wp-content\/uploads\/2017\/11\/lapalmainbox_book.jpg\",\"datePublished\":\"2017-11-28T19:04:49+00:00\",\"dateModified\":\"2017-11-29T18:01:26+00:00\",\"description\":\"Somos un grupo touroperador en Canarias y Alemania especializados en la gesti\u00f3n de alojamientos de calidad y confort. \u00a1Creamos experiencias!\",\"breadcrumb\":{\"@id\":\"https:\/\/lapalmainbox.com\/index.php\/quienessomos\/#breadcrumb\"},\"inLanguage\":\"es\",\"potentialAction\":[{\"@type\":\"ReadAction\",\"target\":[\"https:\/\/lapalmainbox.com\/index.php\/quienessomos\/\"]}]},{\"@type\":\"ImageObject\",\"inLanguage\":\"es\",\"@id\":\"https:\/\/lapalmainbox.com\/index.php\/quienessomos\/#primaryimage\",\"url\":\"https:\/\/lapalmainbox.com\/wp-content\/uploads\/2017\/11\/lapalmainbox_book.jpg\",\"contentUrl\":\"https:\/\/lapalmainbox.com\/wp-content\/uploads\/2017\/11\/lapalmainbox_book.jpg\",\"width\":2480,\"height\":1395},{\"@type\":\"BreadcrumbList\",\"@id\":\"https:\/\/lapalmainbox.com\/index.php\/quienessomos\/#breadcrumb\",\"itemListElement\":[{\"@type\":\"ListItem\",\"position\":1,\"name\":\"Portada\",\"item\":\"https:\/\/lapalmainbox.com\/\"},{\"@type\":\"ListItem\",\"position\":2,\"name\":\"Quienes somos\"}]},{\"@type\":\"WebSite\",\"@id\":\"https:\/\/lapalmainbox.com\/#website\",\"url\":\"https:\/\/lapalmainbox.com\/\",\"name\":\"La Palma Inbox\",\"description\":\"Holidays Deluxe\",\"publisher\":{\"@id\":\"https:\/\/lapalmainbox.com\/#organization\"},\"potentialAction\":[{\"@type\":\"SearchAction\",\"target\":{\"@type\":\"EntryPoint\",\"urlTemplate\":\"https:\/\/lapalmainbox.com\/?s={search_term_string}\"},\"query-input\":{\"@type\":\"PropertyValueSpecification\",\"valueRequired\":true,\"valueName\":\"search_term_string\"}}],\"inLanguage\":\"es\"},{\"@type\":\"Organization\",\"@id\":\"https:\/\/lapalmainbox.com\/#organization\",\"name\":\"La Palma Inbox\",\"url\":\"https:\/\/lapalmainbox.com\/\",\"logo\":{\"@type\":\"ImageObject\",\"inLanguage\":\"es\",\"@id\":\"https:\/\/lapalmainbox.com\/#\/schema\/logo\/image\/\",\"url\":\"http:\/\/lapalmainbox.com\/wp-content\/uploads\/2017\/11\/lpi_avatar.png\",\"contentUrl\":\"http:\/\/lapalmainbox.com\/wp-content\/uploads\/2017\/11\/lpi_avatar.png\",\"width\":591,\"height\":591,\"caption\":\"La Palma Inbox\"},\"image\":{\"@id\":\"https:\/\/lapalmainbox.com\/#\/schema\/logo\/image\/\"},\"sameAs\":[\"http:\/\/www.facebook.com\/lapalmainbox\",\"https:\/\/x.com\/lapalmainbox\"]}]}<\/script>\n<!-- \/ Yoast SEO plugin. -->","yoast_head_json":{"title":"Qui\u00e9nes somos | La Palma Inbox | Alojamientos de calidad y confort","description":"Somos un grupo touroperador en Canarias y Alemania especializados en la gesti\u00f3n de alojamientos de calidad y confort. \u00a1Creamos experiencias!","robots":{"index":"index","follow":"follow","max-snippet":"max-snippet:-1","max-image-preview":"max-image-preview:large","max-video-preview":"max-video-preview:-1"},"canonical":"https:\/\/lapalmainbox.com\/index.php\/quienessomos\/","og_locale":"es_ES","og_type":"article","og_title":"Qui\u00e9nes somos | La Palma Inbox | Alojamientos de calidad y confort","og_description":"Somos un grupo touroperador en Canarias y Alemania especializados en la gesti\u00f3n de alojamientos de calidad y confort. \u00a1Creamos experiencias!","og_url":"https:\/\/lapalmainbox.com\/index.php\/quienessomos\/","og_site_name":"La Palma Inbox","article_publisher":"http:\/\/www.facebook.com\/lapalmainbox","article_modified_time":"2017-11-29T18:01:26+00:00","og_image":[{"url":"http:\/\/lapalmainbox.com\/wp-content\/uploads\/2017\/11\/lapalmainbox_book.jpg","type":"","width":"","height":""}],"twitter_card":"summary_large_image","twitter_title":"Qui\u00e9nes somos | La Palma Inbox | Alojamientos de calidad y confort","twitter_description":"Somos un grupo touroperador en Canarias y Alemania especializados en la gesti\u00f3n de alojamientos de calidad y confort. \u00a1Creamos experiencias!","twitter_image":"http:\/\/lapalmainbox.com\/wp-content\/uploads\/2017\/11\/lapalmainbox_book.jpg","twitter_site":"@lapalmainbox","twitter_misc":{"Tiempo de lectura":"3 minutos"},"schema":{"@context":"https:\/\/schema.org","@graph":[{"@type":"WebPage","@id":"https:\/\/lapalmainbox.com\/index.php\/quienessomos\/","url":"https:\/\/lapalmainbox.com\/index.php\/quienessomos\/","name":"Qui\u00e9nes somos | La Palma Inbox | Alojamientos de calidad y confort","isPartOf":{"@id":"https:\/\/lapalmainbox.com\/#website"},"primaryImageOfPage":{"@id":"https:\/\/lapalmainbox.com\/index.php\/quienessomos\/#primaryimage"},"image":{"@id":"https:\/\/lapalmainbox.com\/index.php\/quienessomos\/#primaryimage"},"thumbnailUrl":"https:\/\/lapalmainbox.com\/wp-content\/uploads\/2017\/11\/lapalmainbox_book.jpg","datePublished":"2017-11-28T19:04:49+00:00","dateModified":"2017-11-29T18:01:26+00:00","description":"Somos un grupo touroperador en Canarias y Alemania especializados en la gesti\u00f3n de alojamientos de calidad y confort. \u00a1Creamos experiencias!","breadcrumb":{"@id":"https:\/\/lapalmainbox.com\/index.php\/quienessomos\/#breadcrumb"},"inLanguage":"es","potentialAction":[{"@type":"ReadAction","target":["https:\/\/lapalmainbox.com\/index.php\/quienessomos\/"]}]},{"@type":"ImageObject","inLanguage":"es","@id":"https:\/\/lapalmainbox.com\/index.php\/quienessomos\/#primaryimage","url":"https:\/\/lapalmainbox.com\/wp-content\/uploads\/2017\/11\/lapalmainbox_book.jpg","contentUrl":"https:\/\/lapalmainbox.com\/wp-content\/uploads\/2017\/11\/lapalmainbox_book.jpg","width":2480,"height":1395},{"@type":"BreadcrumbList","@id":"https:\/\/lapalmainbox.com\/index.php\/quienessomos\/#breadcrumb","itemListElement":[{"@type":"ListItem","position":1,"name":"Portada","item":"https:\/\/lapalmainbox.com\/"},{"@type":"ListItem","position":2,"name":"Quienes somos"}]},{"@type":"WebSite","@id":"https:\/\/lapalmainbox.com\/#website","url":"https:\/\/lapalmainbox.com\/","name":"La Palma Inbox","description":"Holidays Deluxe","publisher":{"@id":"https:\/\/lapalmainbox.com\/#organization"},"potentialAction":[{"@type":"SearchAction","target":{"@type":"EntryPoint","urlTemplate":"https:\/\/lapalmainbox.com\/?s={search_term_string}"},"query-input":{"@type":"PropertyValueSpecification","valueRequired":true,"valueName":"search_term_string"}}],"inLanguage":"es"},{"@type":"Organization","@id":"https:\/\/lapalmainbox.com\/#organization","name":"La Palma Inbox","url":"https:\/\/lapalmainbox.com\/","logo":{"@type":"ImageObject","inLanguage":"es","@id":"https:\/\/lapalmainbox.com\/#\/schema\/logo\/image\/","url":"http:\/\/lapalmainbox.com\/wp-content\/uploads\/2017\/11\/lpi_avatar.png","contentUrl":"http:\/\/lapalmainbox.com\/wp-content\/uploads\/2017\/11\/lpi_avatar.png","width":591,"height":591,"caption":"La Palma Inbox"},"image":{"@id":"https:\/\/lapalmainbox.com\/#\/schema\/logo\/image\/"},"sameAs":["http:\/\/www.facebook.com\/lapalmainbox","https:\/\/x.com\/lapalmainbox"]}]}},"_links":{"self":[{"href":"https:\/\/lapalmainbox.com\/index.php\/wp-json\/wp\/v2\/pages\/102","targetHints":{"allow":["GET"]}}],"collection":[{"href":"https:\/\/lapalmainbox.com\/index.php\/wp-json\/wp\/v2\/pages"}],"about":[{"href":"https:\/\/lapalmainbox.com\/index.php\/wp-json\/wp\/v2\/types\/page"}],"author":[{"embeddable":true,"href":"https:\/\/lapalmainbox.com\/index.php\/wp-json\/wp\/v2\/users\/2"}],"replies":[{"embeddable":true,"href":"https:\/\/lapalmainbox.com\/index.php\/wp-json\/wp\/v2\/comments?post=102"}],"version-history":[{"count":9,"href":"https:\/\/lapalmainbox.com\/index.php\/wp-json\/wp\/v2\/pages\/102\/revisions"}],"predecessor-version":[{"id":147,"href":"https:\/\/lapalmainbox.com\/index.php\/wp-json\/wp\/v2\/pages\/102\/revisions\/147"}],"wp:featuredmedia":[{"embeddable":true,"href":"https:\/\/lapalmainbox.com\/index.php\/wp-json\/wp\/v2\/media\/113"}],"wp:attachment":[{"href":"https:\/\/lapalmainbox.com\/index.php\/wp-json\/wp\/v2\/media?parent=102"}],"curies":[{"name":"wp","href":"https:\/\/api.w.org\/{rel}","templated":true}]}}